{"id":535,"date":"2024-12-11T19:20:36","date_gmt":"2024-12-11T19:20:36","guid":{"rendered":"https:\/\/desarrollo2.alumnoposicionamiento.dev\/?page_id=535"},"modified":"2024-12-11T19:30:38","modified_gmt":"2024-12-11T19:30:38","slug":"blog","status":"publish","type":"page","link":"https:\/\/desarrollo2.alumnoposicionamiento.dev\/index.php\/blog\/","title":{"rendered":"Blog"},"content":{"rendered":"\t\t<div data-elementor-type=\"wp-page\" data-elementor-id=\"535\" class=\"elementor elementor-535\" data-elementor-post-type=\"page\">\n\t\t\t\t\t\t<section class=\"elementor-section elementor-top-section elementor-element elementor-element-368cfe820 elementor-section-height-min-height elementor-section-boxed elementor-section-height-default elementor-section-items-middle wpr-particle-no wpr-jarallax-no wpr-parallax-no wpr-sticky-section-no\" data-id=\"368cfe820\" data-element_type=\"section\" data-settings=\"{&quot;background_background&quot;:&quot;classic&quot;}\">\n\t\t\t\t\t\t<div class=\"elementor-container elementor-column-gap-default\">\n\t\t\t\t\t<div class=\"elementor-column elementor-col-100 elementor-top-column elementor-element elementor-element-55ada68c\" data-id=\"55ada68c\" data-element_type=\"column\">\n\t\t\t<div class=\"elementor-widget-wrap elementor-element-populated\">\n\t\t\t\t\t\t<div class=\"elementor-element elementor-element-3e7a04e7 elementor-widget elementor-widget-heading\" data-id=\"3e7a04e7\" data-element_type=\"widget\" data-widget_type=\"heading.default\">\n\t\t\t\t<div class=\"elementor-widget-container\">\n\t\t\t<h2 class=\"elementor-heading-title elementor-size-default\">Blog<\/h2>\t\t<\/div>\n\t\t\t\t<\/div>\n\t\t\t\t\t<\/div>\n\t\t<\/div>\n\t\t\t\t\t<\/div>\n\t\t<\/section>\n\t\t<div class=\"elementor-element elementor-element-531cd81 e-flex e-con-boxed wpr-particle-no wpr-jarallax-no wpr-parallax-no wpr-sticky-section-no e-con e-parent\" data-id=\"531cd81\" data-element_type=\"container\">\n\t\t\t\t\t<div class=\"e-con-inner\">\n\t\t\t\t<div class=\"elementor-element elementor-element-66c6bef elementor-widget elementor-widget-spacer\" data-id=\"66c6bef\" data-element_type=\"widget\" data-widget_type=\"spacer.default\">\n\t\t\t\t<div class=\"elementor-widget-container\">\n\t\t\t\t\t<div class=\"elementor-spacer\">\n\t\t\t<div class=\"elementor-spacer-inner\"><\/div>\n\t\t<\/div>\n\t\t\t\t<\/div>\n\t\t\t\t<\/div>\n\t\t\t\t\t<\/div>\n\t\t\t\t<\/div>\n\t\t<div class=\"elementor-element elementor-element-599ed66 e-flex e-con-boxed wpr-particle-no wpr-jarallax-no wpr-parallax-no wpr-sticky-section-no e-con e-parent\" data-id=\"599ed66\" data-element_type=\"container\">\n\t\t\t\t\t<div class=\"e-con-inner\">\n\t\t\t\t<div class=\"elementor-element elementor-element-5aedf12 elementor-widget elementor-widget-heading\" data-id=\"5aedf12\" data-element_type=\"widget\" data-widget_type=\"heading.default\">\n\t\t\t\t<div class=\"elementor-widget-container\">\n\t\t\t<h1 class=\"elementor-heading-title elementor-size-default\">Bienvenidos a Salseo, donde el SEO se pone picante<\/h1>\t\t<\/div>\n\t\t\t\t<\/div>\n\t\t\t\t<div class=\"elementor-element elementor-element-9242160 elementor-widget elementor-widget-text-editor\" data-id=\"9242160\" data-element_type=\"widget\" data-widget_type=\"text-editor.default\">\n\t\t\t\t<div class=\"elementor-widget-container\">\n\t\t\t\t\t\t\t<p>Si est\u00e1s cansado de los mismos consejos aburridos de SEO y quieres un lugar donde se hable sin rodeos, con frescura y un toque de humor, acabas de encontrar tu nuevo blog favorito. Aqu\u00ed no te vamos a contar lo b\u00e1sico: vamos a entrar en los verdaderos salseos del posicionamiento web, lo que nadie te dice, las tendencias que marcan la diferencia y los trucos que llevan tu web directo al top de Google.<\/p><p>\u00bfListo para entrar al salseo del marketing digital? \u00a1Qu\u00e9date con nosotros y empieza a ganar posiciones como nunca!\u00a0<\/p>\t\t\t\t\t\t<\/div>\n\t\t\t\t<\/div>\n\t\t\t\t\t<\/div>\n\t\t\t\t<\/div>\n\t\t<div class=\"elementor-element elementor-element-0215875 e-flex e-con-boxed wpr-particle-no wpr-jarallax-no wpr-parallax-no wpr-sticky-section-no e-con e-parent\" data-id=\"0215875\" data-element_type=\"container\">\n\t\t\t\t\t<div class=\"e-con-inner\">\n\t\t\t\t<div class=\"elementor-element elementor-element-18eb72d elementor-widget elementor-widget-spacer\" data-id=\"18eb72d\" data-element_type=\"widget\" data-widget_type=\"spacer.default\">\n\t\t\t\t<div class=\"elementor-widget-container\">\n\t\t\t\t\t<div class=\"elementor-spacer\">\n\t\t\t<div class=\"elementor-spacer-inner\"><\/div>\n\t\t<\/div>\n\t\t\t\t<\/div>\n\t\t\t\t<\/div>\n\t\t\t\t\t<\/div>\n\t\t\t\t<\/div>\n\t\t<div class=\"elementor-element elementor-element-b6e6152 e-flex e-con-boxed wpr-particle-no wpr-jarallax-no wpr-parallax-no wpr-sticky-section-no e-con e-parent\" data-id=\"b6e6152\" data-element_type=\"container\">\n\t\t\t\t\t<div class=\"e-con-inner\">\n\t\t\t\t<div class=\"elementor-element elementor-element-c36c9de elementor-grid-3 elementor-grid-tablet-2 elementor-grid-mobile-1 elementor-posts--thumbnail-top elementor-card-shadow-yes elementor-posts__hover-gradient elementor-widget elementor-widget-posts\" data-id=\"c36c9de\" data-element_type=\"widget\" data-settings=\"{&quot;pagination_type&quot;:&quot;numbers&quot;,&quot;cards_columns&quot;:&quot;3&quot;,&quot;cards_columns_tablet&quot;:&quot;2&quot;,&quot;cards_columns_mobile&quot;:&quot;1&quot;,&quot;cards_row_gap&quot;:{&quot;unit&quot;:&quot;px&quot;,&quot;size&quot;:35,&quot;sizes&quot;:[]},&quot;cards_row_gap_tablet&quot;:{&quot;unit&quot;:&quot;px&quot;,&quot;size&quot;:&quot;&quot;,&quot;sizes&quot;:[]},&quot;cards_row_gap_mobile&quot;:{&quot;unit&quot;:&quot;px&quot;,&quot;size&quot;:&quot;&quot;,&quot;sizes&quot;:[]}}\" data-widget_type=\"posts.cards\">\n\t\t\t\t<div class=\"elementor-widget-container\">\n\t\t\t\t\t<div class=\"elementor-posts-container elementor-posts elementor-posts--skin-cards elementor-grid\">\n\t\t\t\t<article class=\"elementor-post elementor-grid-item post-561 post type-post status-publish format-standard has-post-thumbnail hentry category-blog\">\n\t\t\t<div class=\"elementor-post__card\">\n\t\t\t\t<a class=\"elementor-post__thumbnail__link\" href=\"https:\/\/desarrollo2.alumnoposicionamiento.dev\/index.php\/2024\/12\/31\/bar-bigotes-renueva-su-presencia-online\/\" tabindex=\"-1\" ><div class=\"elementor-post__thumbnail\"><img fetchpriority=\"high\" decoding=\"async\" width=\"1489\" height=\"618\" src=\"https:\/\/desarrollo2.alumnoposicionamiento.dev\/wp-content\/uploads\/2024\/12\/Captura-de-pantalla-2024-12-11-204533.png\" class=\"attachment-full size-full wp-image-563\" alt=\"bar bigotes\" srcset=\"https:\/\/desarrollo2.alumnoposicionamiento.dev\/wp-content\/uploads\/2024\/12\/Captura-de-pantalla-2024-12-11-204533.png 1489w, https:\/\/desarrollo2.alumnoposicionamiento.dev\/wp-content\/uploads\/2024\/12\/Captura-de-pantalla-2024-12-11-204533-300x125.png 300w, https:\/\/desarrollo2.alumnoposicionamiento.dev\/wp-content\/uploads\/2024\/12\/Captura-de-pantalla-2024-12-11-204533-1024x425.png 1024w, https:\/\/desarrollo2.alumnoposicionamiento.dev\/wp-content\/uploads\/2024\/12\/Captura-de-pantalla-2024-12-11-204533-768x319.png 768w\" sizes=\"(max-width: 1489px) 100vw, 1489px\" \/><\/div><\/a>\n\t\t\t\t<div class=\"elementor-post__badge\">blog<\/div>\n\t\t\t\t<div class=\"elementor-post__text\">\n\t\t\t\t<h3 class=\"elementor-post__title\">\n\t\t\t<a href=\"https:\/\/desarrollo2.alumnoposicionamiento.dev\/index.php\/2024\/12\/31\/bar-bigotes-renueva-su-presencia-online\/\" >\n\t\t\t\tBar Bigotes renueva su presencia online\t\t\t<\/a>\n\t\t<\/h3>\n\t\t\t\t<div class=\"elementor-post__excerpt\">\n\t\t\t<p>Si hay algo que define a Ja\u00e9n, adem\u00e1s de sus olivos infinitos y su riqueza cultural, son sus bares tradicionales. En este escenario destaca el Bar Bigotes, un lugar ic\u00f3nico<\/p>\n\t\t<\/div>\n\t\t\n\t\t<a class=\"elementor-post__read-more\" href=\"https:\/\/desarrollo2.alumnoposicionamiento.dev\/index.php\/2024\/12\/31\/bar-bigotes-renueva-su-presencia-online\/\" aria-label=\"M\u00e1s informaci\u00f3n sobre Bar Bigotes renueva su presencia online\" tabindex=\"-1\" >\n\t\t\tLeer m\u00e1s \u00bb\t\t<\/a>\n\n\t\t\t\t<\/div>\n\t\t\t\t<div class=\"elementor-post__meta-data\">\n\t\t\t\t\t<span class=\"elementor-post-date\">\n\t\t\tdiciembre 31, 2024\t\t<\/span>\n\t\t\t\t<\/div>\n\t\t\t\t\t<\/div>\n\t\t<\/article>\n\t\t\t\t<article class=\"elementor-post elementor-grid-item post-557 post type-post status-publish format-standard has-post-thumbnail hentry category-uncategorized\">\n\t\t\t<div class=\"elementor-post__card\">\n\t\t\t\t<a class=\"elementor-post__thumbnail__link\" href=\"https:\/\/desarrollo2.alumnoposicionamiento.dev\/index.php\/2024\/12\/25\/estrategias-avanzadas-de-marketing-digital-conexion-entre-4-glorias-y-digital-thinks\/\" tabindex=\"-1\" ><div class=\"elementor-post__thumbnail\"><img decoding=\"async\" width=\"1000\" height=\"440\" src=\"https:\/\/desarrollo2.alumnoposicionamiento.dev\/wp-content\/uploads\/2024\/10\/team.png\" class=\"attachment-full size-full wp-image-197\" alt=\"\" srcset=\"https:\/\/desarrollo2.alumnoposicionamiento.dev\/wp-content\/uploads\/2024\/10\/team.png 1000w, https:\/\/desarrollo2.alumnoposicionamiento.dev\/wp-content\/uploads\/2024\/10\/team-300x132.png 300w, https:\/\/desarrollo2.alumnoposicionamiento.dev\/wp-content\/uploads\/2024\/10\/team-768x338.png 768w\" sizes=\"(max-width: 1000px) 100vw, 1000px\" \/><\/div><\/a>\n\t\t\t\t<div class=\"elementor-post__badge\">Uncategorized<\/div>\n\t\t\t\t<div class=\"elementor-post__text\">\n\t\t\t\t<h3 class=\"elementor-post__title\">\n\t\t\t<a href=\"https:\/\/desarrollo2.alumnoposicionamiento.dev\/index.php\/2024\/12\/25\/estrategias-avanzadas-de-marketing-digital-conexion-entre-4-glorias-y-digital-thinks\/\" >\n\t\t\t\tAprender SEO gratis con estas empresas\t\t\t<\/a>\n\t\t<\/h3>\n\t\t\t\t<div class=\"elementor-post__excerpt\">\n\t\t\t<p>En el vertiginoso mundo del marketing digital, cada d\u00eda surgen nuevas herramientas y estrategias que transforman la forma en que las marcas interact\u00faan con sus audiencias. Dos agencias que destacan<\/p>\n\t\t<\/div>\n\t\t\n\t\t<a class=\"elementor-post__read-more\" href=\"https:\/\/desarrollo2.alumnoposicionamiento.dev\/index.php\/2024\/12\/25\/estrategias-avanzadas-de-marketing-digital-conexion-entre-4-glorias-y-digital-thinks\/\" aria-label=\"M\u00e1s informaci\u00f3n sobre Aprender SEO gratis con estas empresas\" tabindex=\"-1\" >\n\t\t\tLeer m\u00e1s \u00bb\t\t<\/a>\n\n\t\t\t\t<\/div>\n\t\t\t\t<div class=\"elementor-post__meta-data\">\n\t\t\t\t\t<span class=\"elementor-post-date\">\n\t\t\tdiciembre 25, 2024\t\t<\/span>\n\t\t\t\t<\/div>\n\t\t\t\t\t<\/div>\n\t\t<\/article>\n\t\t\t\t<article class=\"elementor-post elementor-grid-item post-518 post type-post status-publish format-standard has-post-thumbnail hentry category-uncategorized\">\n\t\t\t<div class=\"elementor-post__card\">\n\t\t\t\t<a class=\"elementor-post__thumbnail__link\" href=\"https:\/\/desarrollo2.alumnoposicionamiento.dev\/index.php\/2024\/12\/18\/formacion-en-seo-con-innova-comunicacion\/\" tabindex=\"-1\" ><div class=\"elementor-post__thumbnail\"><img decoding=\"async\" width=\"1151\" height=\"531\" src=\"https:\/\/desarrollo2.alumnoposicionamiento.dev\/wp-content\/uploads\/2024\/12\/Captura-de-pantalla-2024-12-11-195928.png\" class=\"attachment-full size-full wp-image-520\" alt=\"\" srcset=\"https:\/\/desarrollo2.alumnoposicionamiento.dev\/wp-content\/uploads\/2024\/12\/Captura-de-pantalla-2024-12-11-195928.png 1151w, https:\/\/desarrollo2.alumnoposicionamiento.dev\/wp-content\/uploads\/2024\/12\/Captura-de-pantalla-2024-12-11-195928-300x138.png 300w, https:\/\/desarrollo2.alumnoposicionamiento.dev\/wp-content\/uploads\/2024\/12\/Captura-de-pantalla-2024-12-11-195928-1024x472.png 1024w, https:\/\/desarrollo2.alumnoposicionamiento.dev\/wp-content\/uploads\/2024\/12\/Captura-de-pantalla-2024-12-11-195928-768x354.png 768w\" sizes=\"(max-width: 1151px) 100vw, 1151px\" \/><\/div><\/a>\n\t\t\t\t<div class=\"elementor-post__badge\">Uncategorized<\/div>\n\t\t\t\t<div class=\"elementor-post__text\">\n\t\t\t\t<h3 class=\"elementor-post__title\">\n\t\t\t<a href=\"https:\/\/desarrollo2.alumnoposicionamiento.dev\/index.php\/2024\/12\/18\/formacion-en-seo-con-innova-comunicacion\/\" >\n\t\t\t\tFormaci\u00f3n en SEO con Innova Comunicaci\u00f3n\t\t\t<\/a>\n\t\t<\/h3>\n\t\t\t\t<div class=\"elementor-post__excerpt\">\n\t\t\t<p>En el mundo digital actual, dominar herramientas como el SEO (Search Engine Optimization) y el SEM (Search Engine Marketing) es esencial para cualquier negocio que quiera destacar en un mercado<\/p>\n\t\t<\/div>\n\t\t\n\t\t<a class=\"elementor-post__read-more\" href=\"https:\/\/desarrollo2.alumnoposicionamiento.dev\/index.php\/2024\/12\/18\/formacion-en-seo-con-innova-comunicacion\/\" aria-label=\"M\u00e1s informaci\u00f3n sobre Formaci\u00f3n en SEO con Innova Comunicaci\u00f3n\" tabindex=\"-1\" >\n\t\t\tLeer m\u00e1s \u00bb\t\t<\/a>\n\n\t\t\t\t<\/div>\n\t\t\t\t<div class=\"elementor-post__meta-data\">\n\t\t\t\t\t<span class=\"elementor-post-date\">\n\t\t\tdiciembre 18, 2024\t\t<\/span>\n\t\t\t\t<\/div>\n\t\t\t\t\t<\/div>\n\t\t<\/article>\n\t\t\t\t<article class=\"elementor-post elementor-grid-item post-564 post type-post status-publish format-standard has-post-thumbnail hentry category-uncategorized\">\n\t\t\t<div class=\"elementor-post__card\">\n\t\t\t\t<a class=\"elementor-post__thumbnail__link\" href=\"https:\/\/desarrollo2.alumnoposicionamiento.dev\/index.php\/2024\/12\/11\/digital-thinks-transformando-el-marketing-digital-en-la-era-moderna\/\" tabindex=\"-1\" ><div class=\"elementor-post__thumbnail\"><img loading=\"lazy\" decoding=\"async\" width=\"1585\" height=\"580\" src=\"https:\/\/desarrollo2.alumnoposicionamiento.dev\/wp-content\/uploads\/2024\/12\/Captura-de-pantalla-2024-12-11-205432.png\" class=\"attachment-full size-full wp-image-565\" alt=\"\" srcset=\"https:\/\/desarrollo2.alumnoposicionamiento.dev\/wp-content\/uploads\/2024\/12\/Captura-de-pantalla-2024-12-11-205432.png 1585w, https:\/\/desarrollo2.alumnoposicionamiento.dev\/wp-content\/uploads\/2024\/12\/Captura-de-pantalla-2024-12-11-205432-300x110.png 300w, https:\/\/desarrollo2.alumnoposicionamiento.dev\/wp-content\/uploads\/2024\/12\/Captura-de-pantalla-2024-12-11-205432-1024x375.png 1024w, https:\/\/desarrollo2.alumnoposicionamiento.dev\/wp-content\/uploads\/2024\/12\/Captura-de-pantalla-2024-12-11-205432-768x281.png 768w, https:\/\/desarrollo2.alumnoposicionamiento.dev\/wp-content\/uploads\/2024\/12\/Captura-de-pantalla-2024-12-11-205432-1536x562.png 1536w\" sizes=\"(max-width: 1585px) 100vw, 1585px\" \/><\/div><\/a>\n\t\t\t\t<div class=\"elementor-post__badge\">Uncategorized<\/div>\n\t\t\t\t<div class=\"elementor-post__text\">\n\t\t\t\t<h3 class=\"elementor-post__title\">\n\t\t\t<a href=\"https:\/\/desarrollo2.alumnoposicionamiento.dev\/index.php\/2024\/12\/11\/digital-thinks-transformando-el-marketing-digital-en-la-era-moderna\/\" >\n\t\t\t\tDigital Thinks: Transformando el Marketing Digital en la Era Moderna\t\t\t<\/a>\n\t\t<\/h3>\n\t\t\t\t<div class=\"elementor-post__excerpt\">\n\t\t\t<p>El marketing digital se ha convertido en una pieza fundamental para el \u00e9xito de las empresas en un mundo cada vez m\u00e1s conectado. Una agencia que sobresale en este campo<\/p>\n\t\t<\/div>\n\t\t\n\t\t<a class=\"elementor-post__read-more\" href=\"https:\/\/desarrollo2.alumnoposicionamiento.dev\/index.php\/2024\/12\/11\/digital-thinks-transformando-el-marketing-digital-en-la-era-moderna\/\" aria-label=\"M\u00e1s informaci\u00f3n sobre Digital Thinks: Transformando el Marketing Digital en la Era Moderna\" tabindex=\"-1\" >\n\t\t\tLeer m\u00e1s \u00bb\t\t<\/a>\n\n\t\t\t\t<\/div>\n\t\t\t\t<div class=\"elementor-post__meta-data\">\n\t\t\t\t\t<span class=\"elementor-post-date\">\n\t\t\tdiciembre 11, 2024\t\t<\/span>\n\t\t\t\t<\/div>\n\t\t\t\t\t<\/div>\n\t\t<\/article>\n\t\t\t\t<article class=\"elementor-post elementor-grid-item post-514 post type-post status-publish format-standard has-post-thumbnail hentry category-uncategorized\">\n\t\t\t<div class=\"elementor-post__card\">\n\t\t\t\t<a class=\"elementor-post__thumbnail__link\" href=\"https:\/\/desarrollo2.alumnoposicionamiento.dev\/index.php\/2024\/12\/11\/aprende-seo-desde-cero-con-concept-x\/\" tabindex=\"-1\" ><div class=\"elementor-post__thumbnail\"><img loading=\"lazy\" decoding=\"async\" width=\"1391\" height=\"645\" src=\"https:\/\/desarrollo2.alumnoposicionamiento.dev\/wp-content\/uploads\/2024\/12\/Captura-de-pantalla-2024-12-11-191632.png\" class=\"attachment-full size-full wp-image-521\" alt=\"\" srcset=\"https:\/\/desarrollo2.alumnoposicionamiento.dev\/wp-content\/uploads\/2024\/12\/Captura-de-pantalla-2024-12-11-191632.png 1391w, https:\/\/desarrollo2.alumnoposicionamiento.dev\/wp-content\/uploads\/2024\/12\/Captura-de-pantalla-2024-12-11-191632-300x139.png 300w, https:\/\/desarrollo2.alumnoposicionamiento.dev\/wp-content\/uploads\/2024\/12\/Captura-de-pantalla-2024-12-11-191632-1024x475.png 1024w, https:\/\/desarrollo2.alumnoposicionamiento.dev\/wp-content\/uploads\/2024\/12\/Captura-de-pantalla-2024-12-11-191632-768x356.png 768w\" sizes=\"(max-width: 1391px) 100vw, 1391px\" \/><\/div><\/a>\n\t\t\t\t<div class=\"elementor-post__badge\">Uncategorized<\/div>\n\t\t\t\t<div class=\"elementor-post__text\">\n\t\t\t\t<h3 class=\"elementor-post__title\">\n\t\t\t<a href=\"https:\/\/desarrollo2.alumnoposicionamiento.dev\/index.php\/2024\/12\/11\/aprende-seo-desde-cero-con-concept-x\/\" >\n\t\t\t\tAprende SEO desde cero con Concept X\t\t\t<\/a>\n\t\t<\/h3>\n\t\t\t\t<div class=\"elementor-post__excerpt\">\n\t\t\t<p>El mundo digital ha cambiado dr\u00e1sticamente en los \u00faltimos a\u00f1os, y con \u00e9l, las estrategias de marketing y posicionamiento. Una de las herramientas m\u00e1s poderosas para destacar en este entorno<\/p>\n\t\t<\/div>\n\t\t\n\t\t<a class=\"elementor-post__read-more\" href=\"https:\/\/desarrollo2.alumnoposicionamiento.dev\/index.php\/2024\/12\/11\/aprende-seo-desde-cero-con-concept-x\/\" aria-label=\"M\u00e1s informaci\u00f3n sobre Aprende SEO desde cero con Concept X\" tabindex=\"-1\" >\n\t\t\tLeer m\u00e1s \u00bb\t\t<\/a>\n\n\t\t\t\t<\/div>\n\t\t\t\t<div class=\"elementor-post__meta-data\">\n\t\t\t\t\t<span class=\"elementor-post-date\">\n\t\t\tdiciembre 11, 2024\t\t<\/span>\n\t\t\t\t<\/div>\n\t\t\t\t\t<\/div>\n\t\t<\/article>\n\t\t\t\t<\/div>\n\t\t\n\t\t\t\t<\/div>\n\t\t\t\t<\/div>\n\t\t\t\t\t<\/div>\n\t\t\t\t<\/div>\n\t\t<div class=\"elementor-element elementor-element-101bd91 e-flex e-con-boxed wpr-particle-no wpr-jarallax-no wpr-parallax-no wpr-sticky-section-no e-con e-parent\" data-id=\"101bd91\" data-element_type=\"container\">\n\t\t\t\t\t<div class=\"e-con-inner\">\n\t\t\t\t<div class=\"elementor-element elementor-element-aeb5b4c elementor-widget elementor-widget-spacer\" data-id=\"aeb5b4c\" data-element_type=\"widget\" data-widget_type=\"spacer.default\">\n\t\t\t\t<div class=\"elementor-widget-container\">\n\t\t\t\t\t<div class=\"elementor-spacer\">\n\t\t\t<div class=\"elementor-spacer-inner\"><\/div>\n\t\t<\/div>\n\t\t\t\t<\/div>\n\t\t\t\t<\/div>\n\t\t\t\t\t<\/div>\n\t\t\t\t<\/div>\n\t\t\t\t<\/div>\n\t\t","protected":false},"excerpt":{"rendered":"<p>Blog Bienvenidos a Salseo, donde el SEO se pone picante Si est\u00e1s cansado de los mismos consejos aburridos de SEO y quieres un lugar donde se hable sin rodeos, con frescura y un toque de humor, acabas de encontrar tu nuevo blog favorito. Aqu\u00ed no te vamos a contar lo b\u00e1sico: vamos a entrar en los verdaderos salseos del posicionamiento web, lo que nadie te dice, las tendencias que marcan la diferencia y los trucos que llevan tu web directo al top de Google. \u00bfListo para entrar al salseo del marketing digital? \u00a1Qu\u00e9date con nosotros y empieza a ganar posiciones como nunca!\u00a0<\/p>\n","protected":false},"author":1,"featured_media":0,"parent":0,"menu_order":0,"comment_status":"closed","ping_status":"closed","template":"","meta":{"footnotes":""},"class_list":["post-535","page","type-page","status-publish","hentry"],"yoast_head":"<!-- This site is optimized with the Yoast SEO plugin v23.4 - https:\/\/yoast.com\/wordpress\/plugins\/seo\/ -->\n<title>Blog -<\/title>\n<meta name=\"robots\" content=\"index, follow, max-snippet:-1, max-image-preview:large, max-video-preview:-1\" \/>\n<link rel=\"canonical\" href=\"https:\/\/desarrollo2.alumnoposicionamiento.dev\/index.php\/blog\/\" \/>\n<meta property=\"og:locale\" content=\"es_ES\" \/>\n<meta property=\"og:type\" content=\"article\" \/>\n<meta property=\"og:title\" content=\"Blog -\" \/>\n<meta property=\"og:description\" content=\"Blog Bienvenidos a Salseo, donde el SEO se pone picante Si est\u00e1s cansado de los mismos consejos aburridos de SEO y quieres un lugar donde se hable sin rodeos, con frescura y un toque de humor, acabas de encontrar tu nuevo blog favorito. Aqu\u00ed no te vamos a contar lo b\u00e1sico: vamos a entrar en los verdaderos salseos del posicionamiento web, lo que nadie te dice, las tendencias que marcan la diferencia y los trucos que llevan tu web directo al top de Google. \u00bfListo para entrar al salseo del marketing digital? \u00a1Qu\u00e9date con nosotros y empieza a ganar posiciones como nunca!\u00a0\" \/>\n<meta property=\"og:url\" content=\"https:\/\/desarrollo2.alumnoposicionamiento.dev\/index.php\/blog\/\" \/>\n<meta property=\"article:modified_time\" content=\"2024-12-11T19:30:38+00:00\" \/>\n<meta name=\"twitter:card\" content=\"summary_large_image\" \/>\n<meta name=\"twitter:label1\" content=\"Tiempo de lectura\" \/>\n\t<meta name=\"twitter:data1\" content=\"2 minutos\" \/>\n<script type=\"application\/ld+json\" class=\"yoast-schema-graph\">{\"@context\":\"https:\/\/schema.org\",\"@graph\":[{\"@type\":\"WebPage\",\"@id\":\"https:\/\/desarrollo2.alumnoposicionamiento.dev\/index.php\/blog\/\",\"url\":\"https:\/\/desarrollo2.alumnoposicionamiento.dev\/index.php\/blog\/\",\"name\":\"Blog -\",\"isPartOf\":{\"@id\":\"https:\/\/desarrollo2.alumnoposicionamiento.dev\/#website\"},\"datePublished\":\"2024-12-11T19:20:36+00:00\",\"dateModified\":\"2024-12-11T19:30:38+00:00\",\"breadcrumb\":{\"@id\":\"https:\/\/desarrollo2.alumnoposicionamiento.dev\/index.php\/blog\/#breadcrumb\"},\"inLanguage\":\"es\",\"potentialAction\":[{\"@type\":\"ReadAction\",\"target\":[\"https:\/\/desarrollo2.alumnoposicionamiento.dev\/index.php\/blog\/\"]}]},{\"@type\":\"BreadcrumbList\",\"@id\":\"https:\/\/desarrollo2.alumnoposicionamiento.dev\/index.php\/blog\/#breadcrumb\",\"itemListElement\":[{\"@type\":\"ListItem\",\"position\":1,\"name\":\"Portada\",\"item\":\"https:\/\/desarrollo2.alumnoposicionamiento.dev\/\"},{\"@type\":\"ListItem\",\"position\":2,\"name\":\"Blog\"}]},{\"@type\":\"WebSite\",\"@id\":\"https:\/\/desarrollo2.alumnoposicionamiento.dev\/#website\",\"url\":\"https:\/\/desarrollo2.alumnoposicionamiento.dev\/\",\"name\":\"\",\"description\":\"\",\"potentialAction\":[{\"@type\":\"SearchAction\",\"target\":{\"@type\":\"EntryPoint\",\"urlTemplate\":\"https:\/\/desarrollo2.alumnoposicionamiento.dev\/?s={search_term_string}\"},\"query-input\":{\"@type\":\"PropertyValueSpecification\",\"valueRequired\":true,\"valueName\":\"search_term_string\"}}],\"inLanguage\":\"es\"}]}<\/script>\n<!-- \/ Yoast SEO plugin. -->","yoast_head_json":{"title":"Blog -","robots":{"index":"index","follow":"follow","max-snippet":"max-snippet:-1","max-image-preview":"max-image-preview:large","max-video-preview":"max-video-preview:-1"},"canonical":"https:\/\/desarrollo2.alumnoposicionamiento.dev\/index.php\/blog\/","og_locale":"es_ES","og_type":"article","og_title":"Blog -","og_description":"Blog Bienvenidos a Salseo, donde el SEO se pone picante Si est\u00e1s cansado de los mismos consejos aburridos de SEO y quieres un lugar donde se hable sin rodeos, con frescura y un toque de humor, acabas de encontrar tu nuevo blog favorito. Aqu\u00ed no te vamos a contar lo b\u00e1sico: vamos a entrar en los verdaderos salseos del posicionamiento web, lo que nadie te dice, las tendencias que marcan la diferencia y los trucos que llevan tu web directo al top de Google. \u00bfListo para entrar al salseo del marketing digital? \u00a1Qu\u00e9date con nosotros y empieza a ganar posiciones como nunca!\u00a0","og_url":"https:\/\/desarrollo2.alumnoposicionamiento.dev\/index.php\/blog\/","article_modified_time":"2024-12-11T19:30:38+00:00","twitter_card":"summary_large_image","twitter_misc":{"Tiempo de lectura":"2 minutos"},"schema":{"@context":"https:\/\/schema.org","@graph":[{"@type":"WebPage","@id":"https:\/\/desarrollo2.alumnoposicionamiento.dev\/index.php\/blog\/","url":"https:\/\/desarrollo2.alumnoposicionamiento.dev\/index.php\/blog\/","name":"Blog -","isPartOf":{"@id":"https:\/\/desarrollo2.alumnoposicionamiento.dev\/#website"},"datePublished":"2024-12-11T19:20:36+00:00","dateModified":"2024-12-11T19:30:38+00:00","breadcrumb":{"@id":"https:\/\/desarrollo2.alumnoposicionamiento.dev\/index.php\/blog\/#breadcrumb"},"inLanguage":"es","potentialAction":[{"@type":"ReadAction","target":["https:\/\/desarrollo2.alumnoposicionamiento.dev\/index.php\/blog\/"]}]},{"@type":"BreadcrumbList","@id":"https:\/\/desarrollo2.alumnoposicionamiento.dev\/index.php\/blog\/#breadcrumb","itemListElement":[{"@type":"ListItem","position":1,"name":"Portada","item":"https:\/\/desarrollo2.alumnoposicionamiento.dev\/"},{"@type":"ListItem","position":2,"name":"Blog"}]},{"@type":"WebSite","@id":"https:\/\/desarrollo2.alumnoposicionamiento.dev\/#website","url":"https:\/\/desarrollo2.alumnoposicionamiento.dev\/","name":"","description":"","potentialAction":[{"@type":"SearchAction","target":{"@type":"EntryPoint","urlTemplate":"https:\/\/desarrollo2.alumnoposicionamiento.dev\/?s={search_term_string}"},"query-input":{"@type":"PropertyValueSpecification","valueRequired":true,"valueName":"search_term_string"}}],"inLanguage":"es"}]}},"_links":{"self":[{"href":"https:\/\/desarrollo2.alumnoposicionamiento.dev\/index.php\/wp-json\/wp\/v2\/pages\/535","targetHints":{"allow":["GET"]}}],"collection":[{"href":"https:\/\/desarrollo2.alumnoposicionamiento.dev\/index.php\/wp-json\/wp\/v2\/pages"}],"about":[{"href":"https:\/\/desarrollo2.alumnoposicionamiento.dev\/index.php\/wp-json\/wp\/v2\/types\/page"}],"author":[{"embeddable":true,"href":"https:\/\/desarrollo2.alumnoposicionamiento.dev\/index.php\/wp-json\/wp\/v2\/users\/1"}],"replies":[{"embeddable":true,"href":"https:\/\/desarrollo2.alumnoposicionamiento.dev\/index.php\/wp-json\/wp\/v2\/comments?post=535"}],"version-history":[{"count":19,"href":"https:\/\/desarrollo2.alumnoposicionamiento.dev\/index.php\/wp-json\/wp\/v2\/pages\/535\/revisions"}],"predecessor-version":[{"id":556,"href":"https:\/\/desarrollo2.alumnoposicionamiento.dev\/index.php\/wp-json\/wp\/v2\/pages\/535\/revisions\/556"}],"wp:attachment":[{"href":"https:\/\/desarrollo2.alumnoposicionamiento.dev\/index.php\/wp-json\/wp\/v2\/media?parent=535"}],"curies":[{"name":"wp","href":"https:\/\/api.w.org\/{rel}","templated":true}]}}